{"id":586,"date":"2021-09-07T10:11:49","date_gmt":"2021-09-07T14:11:49","guid":{"rendered":"https:\/\/billninacs.ca\/biographie\/"},"modified":"2021-10-28T09:54:47","modified_gmt":"2021-10-28T13:54:47","slug":"biographie","status":"publish","type":"page","link":"https:\/\/billninacs.ca\/en\/biographie\/","title":{"rendered":"Biography"},"content":{"rendered":"<p>[et_pb_section fb_built=&#8221;1&#8243; disabled_on=&#8221;off|off|off&#8221; admin_label=&#8221;Section_intro&#8221; _builder_version=&#8221;4.10.7&#8243; _module_preset=&#8221;default&#8221; background_color=&#8221;RGBA(0,0,0,0)&#8221; custom_padding=&#8221;||29px|||&#8221; global_colors_info=&#8221;{}&#8221;][et_pb_row _builder_version=&#8221;4.10.7&#8243; _module_preset=&#8221;default&#8221; custom_margin=&#8221;||||false|false&#8221; custom_padding=&#8221;||||false|false&#8221; global_colors_info=&#8221;{}&#8221;][et_pb_column type=&#8221;4_4&#8243; _builder_version=&#8221;4.10.6&#8243; _module_preset=&#8221;default&#8221; global_colors_info=&#8221;{}&#8221;][et_pb_image src=&#8221;https:\/\/billninacs.ca\/wp-content\/uploads\/2021\/09\/Logo_760x236.png&#8221; title_text=&#8221;Logo_760x236&#8243; align=&#8221;center&#8221; disabled_on=&#8221;on|off|off&#8221; _builder_version=&#8221;4.10.7&#8243; _module_preset=&#8221;default&#8221; width=&#8221;400px&#8221; global_colors_info=&#8221;{}&#8221;][\/et_pb_image][\/et_pb_column][\/et_pb_row][et_pb_row column_structure=&#8221;2_3,1_3&#8243; _builder_version=&#8221;4.10.7&#8243; _module_preset=&#8221;default&#8221; global_colors_info=&#8221;{}&#8221;][et_pb_column type=&#8221;2_3&#8243; _builder_version=&#8221;4.10.7&#8243; _module_preset=&#8221;default&#8221; global_colors_info=&#8221;{}&#8221;][et_pb_text _builder_version=&#8221;4.10.8&#8243; _module_preset=&#8221;default&#8221; width=&#8221;80%&#8221; module_alignment=&#8221;center&#8221; custom_margin=&#8221;||40px||false|false&#8221; global_colors_info=&#8221;{}&#8221;]<\/p>\n<h2 style=\"text-align: left;\">Biographical Note<\/h2>\n<p>[\/et_pb_text][et_pb_text _builder_version=&#8221;4.10.8&#8243; _module_preset=&#8221;default&#8221; text_text_color=&#8221;#FFFFFF&#8221; width=&#8221;80%&#8221; module_alignment=&#8221;center&#8221; custom_margin=&#8221;||40px||false|false&#8221; hover_enabled=&#8221;0&#8243; global_colors_info=&#8221;{}&#8221; sticky_enabled=&#8221;0&#8243;]William A. \u201cBill\u201d Ninacs is a consultant, researcher and trainer. He is a native of Welland, Ontario, and has lived in Victoriaville, Qu\u00e9bec, for over 50 years.<\/p>\n<p>His professional background includes managerial positions in the public and private sectors as well as extensive experience in the community sector, where he helped set up and support advocacy and service groups, consumer and worker co-operatives and other social organisations.<\/p>\n<p>He was active in community economic development (CED) in Canada for over 25 years, notably as Co ordinator of the first community development corporation in Qu\u00e9bec and as Associate Director of the Canadian CED Network. For more than thirty years, he has been a researcher in this field and that of the social economy as well as in those of empowerment-focused intervention and community mobilisation and development, with works published in French and English. He has taught at the School of Community Economic Development at Southern New Hampshire University as well as the Graduate Diploma Program in CED at Concordia University, an educational program he helped set up. He was an adjunct professor at Laval University and at the Universit\u00e9 du Qu\u00e9bec en Outaouais.[\/et_pb_text][\/et_pb_column][et_pb_column type=&#8221;1_3&#8243; _builder_version=&#8221;4.10.7&#8243; _module_preset=&#8221;default&#8221; global_colors_info=&#8221;{}&#8221;][et_pb_image src=&#8221;https:\/\/billninacs.ca\/wp-content\/uploads\/2021\/09\/Bill-cinq-generations.png&#8221; title_text=&#8221;Bill cinq g\u00e9n\u00e9rations&#8221; force_fullwidth=&#8221;on&#8221; _builder_version=&#8221;4.10.7&#8243; _module_preset=&#8221;default&#8221; global_colors_info=&#8221;{}&#8221;][\/et_pb_image][\/et_pb_column][\/et_pb_row][et_pb_row column_structure=&#8221;2_5,3_5&#8243; _builder_version=&#8221;4.10.7&#8243; _module_preset=&#8221;default&#8221; global_colors_info=&#8221;{}&#8221;][et_pb_column type=&#8221;2_5&#8243; _builder_version=&#8221;4.10.7&#8243; _module_preset=&#8221;default&#8221; global_colors_info=&#8221;{}&#8221;][et_pb_image src=&#8221;https:\/\/billninacs.ca\/wp-content\/uploads\/2021\/09\/Bill-bebe.png&#8221; title_text=&#8221;Bill b\u00e9b\u00e9&#8221; _builder_version=&#8221;4.10.7&#8243; _module_preset=&#8221;default&#8221; global_colors_info=&#8221;{}&#8221;][\/et_pb_image][\/et_pb_column][et_pb_column type=&#8221;3_5&#8243; _builder_version=&#8221;4.10.7&#8243; _module_preset=&#8221;default&#8221; global_colors_info=&#8221;{}&#8221;][et_pb_text _builder_version=&#8221;4.10.8&#8243; _module_preset=&#8221;default&#8221; text_text_color=&#8221;#FFFFFF&#8221; width=&#8221;80%&#8221; module_alignment=&#8221;center&#8221; custom_margin=&#8221;||40px||false|false&#8221; global_colors_info=&#8221;{}&#8221;]<\/p>\n<p>Over the years, Bill chaired the CED training institute based in Montr\u00e9al and was a founding member of several organisations including the Qu\u00e9bec Social Development Council, Qu\u00e9bec solidaire (for which he was the candidate in his riding in the provincial elections of 2007 and 2008), Communagir and the Collectif des partenaires en d\u00e9veloppement des communaut\u00e9s.<\/p>\n<p>As a person with multiple disabilities, Bill has also been involved in numerous social movements concerned with the rights of physically-challenged individuals.<\/p>\n<p>[\/et_pb_text][\/et_pb_column][\/et_pb_row][et_pb_row disabled_on=&#8221;off|off|off&#8221; admin_label=&#8221;Ligne_+&#8221; module_id=&#8221;marker1&#8243; _builder_version=&#8221;4.10.7&#8243; _module_preset=&#8221;default&#8221; max_height=&#8221;10px&#8221; custom_padding=&#8221;||1px|||&#8221; global_colors_info=&#8221;{}&#8221;][et_pb_column type=&#8221;4_4&#8243; _builder_version=&#8221;4.10.7&#8243; _module_preset=&#8221;default&#8221; global_colors_info=&#8221;{}&#8221;][et_pb_text _builder_version=&#8221;4.10.7&#8243; _module_preset=&#8221;default&#8221; custom_margin=&#8221;||-1px|||&#8221; global_colors_info=&#8221;{}&#8221;][\/et_pb_text][et_pb_image src=&#8221;https:\/\/billninacs.ca\/wp-content\/uploads\/2021\/09\/marker-4.png&#8221; title_text=&#8221;marker-4&#8243; admin_label=&#8221;Image_+&#8221; _builder_version=&#8221;4.10.7&#8243; _module_preset=&#8221;default&#8221; background_color=&#8221;RGBA(0,0,0,0)&#8221; custom_margin=&#8221;|||-120px|false|false&#8221; scroll_vertical_motion_enable=&#8221;on&#8221; scroll_vertical_motion=&#8221;20|50|50|100|0|2|4&#8243; global_colors_info=&#8221;{}&#8221;][\/et_pb_image][\/et_pb_column][\/et_pb_row][\/et_pb_section]<\/p>\n","protected":false},"excerpt":{"rendered":"<p>Biographical NoteWilliam A. \u201cBill\u201d Ninacs is a consultant, researcher and trainer. He is a native of Welland, Ontario, and has lived in Victoriaville, Qu\u00e9bec, for over 50 years. His professional background includes managerial positions in the public and private sectors as well as extensive experience in the community sector, where he helped set up and [&hellip;]<\/p>\n","protected":false},"author":4,"featured_media":0,"parent":0,"menu_order":0,"comment_status":"closed","ping_status":"closed","template":"","meta":{"_et_pb_use_builder":"on","_et_pb_old_content":"<!-- wp:divi\/placeholder \/-->","_et_gb_content_width":"","footnotes":""},"class_list":["post-586","page","type-page","status-publish","hentry"],"_links":{"self":[{"href":"https:\/\/billninacs.ca\/en\/wp-json\/wp\/v2\/pages\/586","targetHints":{"allow":["GET"]}}],"collection":[{"href":"https:\/\/billninacs.ca\/en\/wp-json\/wp\/v2\/pages"}],"about":[{"href":"https:\/\/billninacs.ca\/en\/wp-json\/wp\/v2\/types\/page"}],"author":[{"embeddable":true,"href":"https:\/\/billninacs.ca\/en\/wp-json\/wp\/v2\/users\/4"}],"replies":[{"embeddable":true,"href":"https:\/\/billninacs.ca\/en\/wp-json\/wp\/v2\/comments?post=586"}],"version-history":[{"count":7,"href":"https:\/\/billninacs.ca\/en\/wp-json\/wp\/v2\/pages\/586\/revisions"}],"predecessor-version":[{"id":837,"href":"https:\/\/billninacs.ca\/en\/wp-json\/wp\/v2\/pages\/586\/revisions\/837"}],"wp:attachment":[{"href":"https:\/\/billninacs.ca\/en\/wp-json\/wp\/v2\/media?parent=586"}],"curies":[{"name":"wp","href":"https:\/\/api.w.org\/{rel}","templated":true}]}}