{"id":596,"date":"2021-09-07T10:11:38","date_gmt":"2021-09-07T14:11:38","guid":{"rendered":"https:\/\/billninacs.ca\/a-propos\/"},"modified":"2021-10-28T11:16:11","modified_gmt":"2021-10-28T15:16:11","slug":"a-propos","status":"publish","type":"page","link":"https:\/\/billninacs.ca\/en\/a-propos\/","title":{"rendered":"About this site"},"content":{"rendered":"<p>[et_pb_section fb_built=&#8221;1&#8243; disabled_on=&#8221;off|off|off&#8221; admin_label=&#8221;Section_intro&#8221; _builder_version=&#8221;4.10.7&#8243; _module_preset=&#8221;default&#8221; background_color=&#8221;RGBA(0,0,0,0)&#8221; global_colors_info=&#8221;{}&#8221;][et_pb_row _builder_version=&#8221;4.10.7&#8243; _module_preset=&#8221;default&#8221; custom_margin=&#8221;||||false|false&#8221; custom_padding=&#8221;||||false|false&#8221; global_colors_info=&#8221;{}&#8221;][et_pb_column type=&#8221;4_4&#8243; _builder_version=&#8221;4.10.6&#8243; _module_preset=&#8221;default&#8221; global_colors_info=&#8221;{}&#8221;][et_pb_image src=&#8221;https:\/\/billninacs.ca\/wp-content\/uploads\/2021\/09\/Logo_760x236.png&#8221; title_text=&#8221;Logo_760x236&#8243; align=&#8221;center&#8221; disabled_on=&#8221;on|off|off&#8221; _builder_version=&#8221;4.10.7&#8243; _module_preset=&#8221;default&#8221; width=&#8221;400px&#8221; global_colors_info=&#8221;{}&#8221;][\/et_pb_image][et_pb_text _builder_version=&#8221;4.10.8&#8243; _module_preset=&#8221;default&#8221; width=&#8221;80%&#8221; module_alignment=&#8221;center&#8221; custom_margin=&#8221;||40px||false|false&#8221; global_colors_info=&#8221;{}&#8221;]<\/p>\n<h2 style=\"text-align: left;\">The Project<\/h2>\n<p>[\/et_pb_text][et_pb_text _builder_version=&#8221;4.10.8&#8243; _module_preset=&#8221;default&#8221; text_text_color=&#8221;#FFFFFF&#8221; width=&#8221;80%&#8221; module_alignment=&#8221;center&#8221; custom_margin=&#8221;||40px||false|false&#8221; global_colors_info=&#8221;{}&#8221;]<\/p>\n<p>This site is dedicated to the video series stemming from an invitation launched by the Lucie and Andr\u00e9 Chagnon Foundation, with whom Bill worked for many years. The Foundation asked him to share his thoughts on various subjects related to community development, a proposal that Bill accepted with pleasure. This initiative is part of a wider personal endeavour in which Bill shares his knowledge on several platforms, including the Passerelles site.<\/p>\n<p>With his many years of experience, Bill draws on his studies and delves into his memories to explain simply, and with insight, various topics of interest to anyone concerned with social issues. His remarks are addressed as much to people studying in fields related to these issues as to those who work in them, as well as to organisations and communities wishing to increase their power to ensure their well-being. In short, these brief videos should interest all who want to contribute to changing economic, social, cultural and environmental practices and policies in order to make them more equitable, just, sustainable and united.<\/p>\n<p><strong>The expression &#8220;solidarity development activist&#8221;<\/strong><\/p>\n<p>In his CV, Bill makes it clear that he wants to change the world. Throughout his work, he supports all forms of development based on solidarity, equity and social justice. He uses of this series of videos to advocate for the use of the term &#8220;solidarity development&#8221; to include all types of economic and social development that are based on the principles of solidarity and equity generally associated with international development.<\/p>\n<p>[\/et_pb_text][et_pb_text _builder_version=&#8221;4.10.8&#8243; _module_preset=&#8221;default&#8221; width=&#8221;80%&#8221; module_alignment=&#8221;center&#8221; custom_margin=&#8221;||40px||false|false&#8221; custom_padding=&#8221;0px|||||&#8221; global_colors_info=&#8221;{}&#8221;]<\/p>\n<h2 style=\"text-align: left;\">For More Information<\/h2>\n<p>[\/et_pb_text][et_pb_text _builder_version=&#8221;4.10.8&#8243; _module_preset=&#8221;default&#8221; text_text_color=&#8221;#FFFFFF&#8221; width=&#8221;80%&#8221; module_alignment=&#8221;center&#8221; custom_margin=&#8221;||40px||false|false&#8221; custom_padding=&#8221;0px|||||&#8221; global_colors_info=&#8221;{}&#8221;]<\/p>\n<p>Several themes touched upon in the video series are covered in his book:<\/p>\n<ul>\n<li><a href=\"https:\/\/www.pulaval.com\/produit\/empowerment-et-intervention-developpement-de-la-capacite-d-agir-et-de-la-solidarite\" target=\"_blank\" rel=\"noopener\">Ninacs, W. A. (2008).\u00a0 Empowerment et intervention : d\u00e9veloppement de la capacit\u00e9 d\u2019agir et de la solidarit\u00e9, Qu\u00e9bec, Presses de l\u2019Universit\u00e9 Laval, 140 pages.<\/a><\/li>\n<\/ul>\n<p>Many are also covered in the documents found on the Passerelles website*** <span><a href=\"https:\/\/www.passerelles.quebec\/Ninacs-EN\">https:\/\/www.passerelles.quebec\/Ninacs-EN<\/a><\/span>, three of which are especially noteworthy: <em>\u00a0<\/em><\/p>\n<ul>\n<li><a href=\"https:\/\/passerelles.quebec\/system\/files\/upload\/documents\/posts\/a2_ninacs_these_2002.pdf\" target=\"_blank\" rel=\"noopener\">Ninacs, W. A. (2002). Types et processus d\u2019<em>empowerment<\/em> dans les initiatives de d\u00e9veloppement \u00e9conomique communautaire au Qu\u00e9bec, th\u00e8se de doctorat, Sainte-Foy (Qu\u00e9bec), \u00c9cole de service social, Universit\u00e9 Laval, 332\u00a0pages.<\/a><\/li>\n<li><a href=\"https:\/\/passerelles.quebec\/system\/files\/upload\/documents\/posts\/a37_ninacs_cle_cdeacf_doc_accomp_2003.pdf\" target=\"_blank\" rel=\"noopener\">Ninacs, W. A. (2003). L\u2019<em>empowerment<\/em> et l\u2019intervention sociale\u00a0: document d\u2019accompagnement, Journ\u00e9es d\u2019animation\u00a02003 sur l\u2019<em>empowerment<\/em> en lien avec la lutte contre la pauvret\u00e9 et l\u2019exclusion sociale, Montr\u00e9al, Centre de documentation sur l\u2019\u00e9ducation des adultes et la condition f\u00e9minine (CD\u00c9ACF), 46\u00a0pages.<\/a><\/li>\n<li><a href=\"https:\/\/passerelles.quebec\/system\/files\/upload\/documents\/posts\/a08_ninacs_cle_mees_reussite_educative_161114.pdf\" target=\"_blank\" rel=\"noopener\">Ninacs, W. A. (2016). M\u00e9moire, pr\u00e9sent\u00e9 dans le cadre de la consultation sur la r\u00e9ussite \u00e9ducative du minist\u00e8re de l\u2019\u00c9ducation et de l\u2019Enseignement sup\u00e9rieur, non publi\u00e9, 26\u00a0pages.<\/a><\/li>\n<\/ul>\n<p>Finally, most are also presented in a book chapter that is still under copyright:<\/p>\n<ul>\n<li><a href=\"http:\/\/www.novapublishers.org\/catalog\/product_info.php?products_id=5819\" target=\"_blank\" rel=\"noopener\">Ninacs, W. A., and R. Leroux (2007). \u201cIntersectoral Action and Empowerment: Keys to Ensuring Community Competence and Improving Public Health\u201d in C. Dumont and G. Kielhofner (Editors), <em>Positive Approaches to Health<\/em>, Hauppauge, New York, Nova Science Publishers, Inc., pages 169-185.<\/a><\/li>\n<\/ul>\n<p>[\/et_pb_text][\/et_pb_column][\/et_pb_row][\/et_pb_section][et_pb_section fb_built=&#8221;1&#8243; disabled_on=&#8221;on|off|off&#8221; admin_label=&#8221;Section_motdebill&#8221; _builder_version=&#8221;4.10.8&#8243; _module_preset=&#8221;default&#8221; background_color=&#8221;RGBA(0,0,0,0)&#8221; background_image=&#8221;https:\/\/billninacs.ca\/wp-content\/uploads\/2021\/10\/bg_motdebill.png&#8221; background_size=&#8221;contain&#8221; background_position=&#8221;top_center&#8221; width=&#8221;1104px&#8221; height=&#8221;1441px&#8221; hover_enabled=&#8221;0&#8243; global_colors_info=&#8221;{}&#8221; title_text=&#8221;bg_motdebill&#8221; sticky_enabled=&#8221;0&#8243;][et_pb_row _builder_version=&#8221;4.10.7&#8243; _module_preset=&#8221;default&#8221; global_colors_info=&#8221;{}&#8221;][et_pb_column type=&#8221;4_4&#8243; _builder_version=&#8221;4.10.7&#8243; _module_preset=&#8221;default&#8221; global_colors_info=&#8221;{}&#8221;][et_pb_text _builder_version=&#8221;4.10.8&#8243; _module_preset=&#8221;default&#8221; header_font=&#8221;DeliveryNote||||||||&#8221; header_text_color=&#8221;gcid-668ce199-0be5-4849-8ff2-7eae1572a0d8&#8243; global_colors_info=&#8221;{%22gcid-668ce199-0be5-4849-8ff2-7eae1572a0d8%22:%91%22header_text_color%22%93}&#8221;]<\/p>\n<h1>A Word from Bill<\/h1>\n<p>[\/et_pb_text][\/et_pb_column][\/et_pb_row][et_pb_row column_structure=&#8221;3_4,1_4&#8243; use_custom_gutter=&#8221;on&#8221; gutter_width=&#8221;2&#8243; _builder_version=&#8221;4.10.8&#8243; _module_preset=&#8221;default&#8221; custom_padding=&#8221;0px|||||&#8221; global_colors_info=&#8221;{}&#8221;][et_pb_column type=&#8221;3_4&#8243; _builder_version=&#8221;4.10.7&#8243; _module_preset=&#8221;default&#8221; global_colors_info=&#8221;{}&#8221;][et_pb_text _builder_version=&#8221;4.10.8&#8243; _module_preset=&#8221;default&#8221; text_text_color=&#8221;gcid-668ce199-0be5-4849-8ff2-7eae1572a0d8&#8243; text_font_size=&#8221;15px&#8221; text_line_height=&#8221;1.5em&#8221; background_layout=&#8221;dark&#8221; global_colors_info=&#8221;{%22gcid-668ce199-0be5-4849-8ff2-7eae1572a0d8%22:%91%22text_text_color%22%93}&#8221;]<\/p>\n<p>To explain why I accepted to participate in this project, I would like to share what I wrote 30 years ago in the 55<span style=\"font-size: 13.3333px;\">th <\/span>edition of the Bois-Francs Community Development Corporation\u2019s newsletter, April 1990.<\/p>\n<p>WHY I AM AN ACTIVIST<\/p>\n<p>Instead of my usual editorial, allow me to share a personal testimony.<\/p>\n<p>*****<\/p>\n<p>From collective consciousness to social consciousness to political consciousness, there\u2019s continuity in my personal journey that is reflected in the goal of my life that I have consciously pursued for nearly twenty years.<\/p>\n<p>In March of 1972, I spent a few days at the Abbey of Saint-Beno\u00eet-du-Lac. I was 26 then and it was the first time that I had seriously reflected on my life. During this brief stay, I concluded that the direction my life had taken was unsatisfying for a variety of reasons.<\/p>\n<p>Like any good accountant, I took stock of myself: my strengths and weaknesses, my positive and negative experiences. I tried to identify what was missing in my life. I wrote the following:<\/p>\n<p>&#8220;I would like to put my talents, knowledge and abilities at the service of the people who need them most (as opposed to the wealthy families who employed me in their companies at that time) while earning enough income to allow me and my family to live relatively comfortably (as opposed to the poverty of my teenage years).\u201d<\/p>\n<p>I then resolved that someday, in an undefined and distant future, I would achieve this. It had become, without my realising it, my life goal.<\/p>\n<p>Eighteen years later, this objective still motivates me and I sincerely believe I will fulfil it through my work and my community activism.<\/p>\n<p>*****<\/p>\n<p>Every life is a living political statement, moving and evolving. Mine asserts great trust in the human race, in people, and I meet my Creator in others, by getting to know them through sharing.<\/p>\n<p>I definitely want to bring about a new world, a more egalitarian society, freed from poverty, sexism, bureaucratic reasoning and abuses of power, and I refuse to accept increased consumption as the driving force of our economy and the criteria of our quality of life. All of this is reflected both in my personal life and in my work, and I will soon have the opportunity to tell you how at our next brainstorming workshop.<\/p>\n<p>In order to succeed in building a better world, I believe that individuals must change and I recognize that I, Bill, cannot change them: they must change themselves as I must change myself. And I believe that the political and economic system must also be changed and that all people must participate in this change according to their abilities.<\/p>\n<p>We have to work simultaneously and jointly on both fronts: we have to change the individual and we have to change the system.<\/p>\n<p>*****<\/p>\n<p>I am nevertheless realistic. It is obvious that utopia does not and never will exist, and to believe otherwise is to delude oneself. However, striving for utopia is not utopian and that is enough for me.<\/p>\n<p>That is why I am here today, an activist in my organisation.<\/p>\n<p>And you, why are you here?<\/p>\n<p>Bill<\/p>\n<p>[\/et_pb_text][\/et_pb_column][et_pb_column type=&#8221;1_4&#8243; _builder_version=&#8221;4.10.7&#8243; _module_preset=&#8221;default&#8221; global_colors_info=&#8221;{}&#8221;][et_pb_image src=&#8221;https:\/\/billninacs.ca\/wp-content\/uploads\/2021\/09\/1986-Colloque-Bill-animation-ouverture-2.jpg&#8221; title_text=&#8221;1986 Colloque Bill animation ouverture-2&#8243; _builder_version=&#8221;4.10.8&#8243; _module_preset=&#8221;default&#8221; width_tablet=&#8221;&#8221; width_phone=&#8221;100px&#8221; width_last_edited=&#8221;on|phone&#8221; global_colors_info=&#8221;{}&#8221;][\/et_pb_image][\/et_pb_column][\/et_pb_row][\/et_pb_section][et_pb_section fb_built=&#8221;1&#8243; disabled_on=&#8221;off|on|on&#8221; admin_label=&#8221;Section_motdebill&#8221; _builder_version=&#8221;4.10.8&#8243; _module_preset=&#8221;default&#8221; background_color=&#8221;RGBA(0,0,0,0)&#8221; background_image=&#8221;https:\/\/billninacs.ca\/wp-content\/uploads\/2021\/09\/background-Mot-de-bill_1_1104x1441.png&#8221; background_position=&#8221;top_center&#8221; global_colors_info=&#8221;{}&#8221;][et_pb_row _builder_version=&#8221;4.10.7&#8243; _module_preset=&#8221;default&#8221; global_colors_info=&#8221;{}&#8221;][et_pb_column type=&#8221;4_4&#8243; _builder_version=&#8221;4.10.7&#8243; _module_preset=&#8221;default&#8221; global_colors_info=&#8221;{}&#8221;][et_pb_text _builder_version=&#8221;4.10.8&#8243; _module_preset=&#8221;default&#8221; header_font=&#8221;DeliveryNote||||||||&#8221; header_text_color=&#8221;gcid-668ce199-0be5-4849-8ff2-7eae1572a0d8&#8243; global_colors_info=&#8221;{%22gcid-668ce199-0be5-4849-8ff2-7eae1572a0d8%22:%91%22header_text_color%22%93}&#8221;]<\/p>\n<h1>A Word from Bill<\/h1>\n<p>[\/et_pb_text][\/et_pb_column][\/et_pb_row][et_pb_row use_custom_gutter=&#8221;on&#8221; gutter_width=&#8221;2&#8243; _builder_version=&#8221;4.10.8&#8243; _module_preset=&#8221;default&#8221; custom_padding=&#8221;0px|||||&#8221; global_colors_info=&#8221;{}&#8221;][et_pb_column type=&#8221;4_4&#8243; _builder_version=&#8221;4.10.7&#8243; _module_preset=&#8221;default&#8221; global_colors_info=&#8221;{}&#8221;][et_pb_image src=&#8221;https:\/\/billninacs.ca\/wp-content\/uploads\/2021\/09\/1986-Colloque-Bill-animation-ouverture-2.jpg&#8221; title_text=&#8221;1986 Colloque Bill animation ouverture-2&#8243; _builder_version=&#8221;4.10.8&#8243; _module_preset=&#8221;default&#8221; width=&#8221;100px&#8221; width_phone=&#8221;100px&#8221; width_last_edited=&#8221;off|desktop&#8221; module_alignment=&#8221;left&#8221; global_colors_info=&#8221;{}&#8221;][\/et_pb_image][et_pb_text _builder_version=&#8221;4.10.8&#8243; _module_preset=&#8221;default&#8221; text_text_color=&#8221;gcid-668ce199-0be5-4849-8ff2-7eae1572a0d8&#8243; text_font_size=&#8221;14px&#8221; text_line_height=&#8221;1.5em&#8221; background_layout=&#8221;dark&#8221; global_colors_info=&#8221;{%22gcid-668ce199-0be5-4849-8ff2-7eae1572a0d8%22:%91%22text_text_color%22%93}&#8221;]<\/p>\n<p>To explain why I accepted to participate in this project, I would like to share what I wrote 30 years ago in the 55<span style=\"font-size: 13.3333px;\">th <\/span>edition of the Bois-Francs Community Development Corporation\u2019s newsletter, April 1990.<\/p>\n<p>WHY I AM AN ACTIVIST<\/p>\n<p>Instead of my usual editorial, allow me to share a personal testimony.<\/p>\n<p>*****<\/p>\n<p>From collective consciousness to social consciousness to political consciousness, there\u2019s continuity in my personal journey that is reflected in the goal of my life that I have consciously pursued for nearly twenty years.<\/p>\n<p>In March of 1972, I spent a few days at the Abbey of Saint-Beno\u00eet-du-Lac. I was 26 then and it was the first time that I had seriously reflected on my life. During this brief stay, I concluded that the direction my life had taken was unsatisfying for a variety of reasons.<\/p>\n<p>Like any good accountant, I took stock of myself: my strengths and weaknesses, my positive and negative experiences. I tried to identify what was missing in my life. I wrote the following:<\/p>\n<p>&#8220;I would like to put my talents, knowledge and abilities at the service of the people who need them most (as opposed to the wealthy families who employed me in their companies at that time) while earning enough income to allow me and my family to live relatively comfortably (as opposed to the poverty of my teenage years).\u201d<\/p>\n<p>I then resolved that someday, in an undefined and distant future, I would achieve this. It had become, without my realising it, my life goal.<\/p>\n<p>Eighteen years later, this objective still motivates me and I sincerely believe I will fulfil it through my work and my community activism.<\/p>\n<p>*****<\/p>\n<p>Every life is a living political statement, moving and evolving. Mine asserts great trust in the human race, in people, and I meet my Creator in others, by getting to know them through sharing.<\/p>\n<p>I definitely want to bring about a new world, a more egalitarian society, freed from poverty, sexism, bureaucratic reasoning and abuses of power, and I refuse to accept increased consumption as the driving force of our economy and the criteria of our quality of life. All of this is reflected both in my personal life and in my work, and I will soon have the opportunity to tell you how at our next brainstorming workshop.<\/p>\n<p>In order to succeed in building a better world, I believe that individuals must change and I recognize that I, Bill, cannot change them: they must change themselves as I must change myself. And I believe that the political and economic system must also be changed and that all people must participate in this change according to their abilities.<\/p>\n<p>We have to work simultaneously and jointly on both fronts: we have to change the individual and we have to change the system.<\/p>\n<p>*****<\/p>\n<p>I am nevertheless realistic. It is obvious that utopia does not and never will exist, and to believe otherwise is to delude oneself. However, striving for utopia is not utopian and that is enough for me.<\/p>\n<p>That is why I am here today, an activist in my organisation.<\/p>\n<p>And you, why are you here?<\/p>\n<p>Bill<\/p>\n<p>[\/et_pb_text][\/et_pb_column][\/et_pb_row][\/et_pb_section][et_pb_section fb_built=&#8221;1&#8243; _builder_version=&#8221;4.10.8&#8243; _module_preset=&#8221;default&#8221; background_color=&#8221;RGBA(0,0,0,0)&#8221; global_colors_info=&#8221;{}&#8221;][et_pb_row _builder_version=&#8221;4.10.8&#8243; _module_preset=&#8221;default&#8221; width=&#8221;70%&#8221; module_alignment=&#8221;center&#8221; global_colors_info=&#8221;{}&#8221;][et_pb_column type=&#8221;4_4&#8243; _builder_version=&#8221;4.10.7&#8243; _module_preset=&#8221;default&#8221; global_colors_info=&#8221;{}&#8221;][et_pb_text _builder_version=&#8221;4.10.8&#8243; _module_preset=&#8221;default&#8221; text_text_color=&#8221;#FFFFFF&#8221; header_3_text_color=&#8221;gcid-be63f708-b83a-4413-b972-627678a7c448&#8243; custom_padding=&#8221;||0px|||&#8221; global_colors_info=&#8221;{%22gcid-be63f708-b83a-4413-b972-627678a7c448%22:%91%22header_3_text_color%22%93}&#8221;]<\/p>\n<h3><strong>Special thanks<\/strong><\/h3>\n<p>I consider this project to be an honour bestowed upon me. Above all else, the Lucie and Andr\u00e9 Chagnon Foundation was its catalyst and supported it once it was launched. Although many members of the Foundation\u2019s staff lent a hand to its realisation, Rafik Boualam, Jean-Marc Chouinard and Fran\u00e7ois Lagarde deserve a special mention for their generous encouragement. I sincerely hope that these videos will be useful for them.<\/p>\n<p>However, the project would not have been completed without the participation of the City of Victoriaville, in particular the Department of Recreation, Culture and Community Life, which &#8220;lent&#8221; me its Family Policy and Seniors Policy officer to accompany me in this adventure for over a year and a half. In fact, it would be difficult for me to exaggerate the exceptional role that Jessica Dessureault played in terms of both the quality of certain technical aspects of the videos and the clarity of the communication of their content. In addition, her coordination of the process was imbued with her boundless energy and contagious good humour: it was a real pleasure to work with her and to get to know her.<\/p>\n<p>I also want to take this opportunity to express my deep satisfaction with the work done by Roxane Beaudette and Jean-Patrick Peuvion, the Rouge-Tomate team. The degree of professionalism that they demonstrated was really high, both in terms of thoroughness and attention to detail as well as that of their determination to meet the objectives of the project despite its many challenges. However, it is in terms of the attention paid to my health that I am particularly grateful. Roxane and Jean-Patrick showed a lot of flexibility and patience throughout their mandate and I have never felt rushed despite the delays caused by my condition. I didn&#8217;t expect so much concern and I thank them for it.[\/et_pb_text][et_pb_text disabled_on=&#8221;on|on|on&#8221; _builder_version=&#8221;4.10.8&#8243; _module_preset=&#8221;default&#8221; disabled=&#8221;on&#8221; global_colors_info=&#8221;{}&#8221;]<\/p>\n<p><strong>Partenaires<\/strong><\/p>\n<p><em>Int\u00e9grer les logos des partenaires avec les hyperliens\u00a0:<\/em><\/p>\n<p><span><a href=\"https:\/\/fondationchagnon.org\/\">Fondation Lucie et Andr\u00e9 Chagnon<\/a><\/span><\/p>\n<p><span><a href=\"https:\/\/www.victoriaville.ca\">Ville de Victoriaville<\/a><\/span><\/p>\n<p><span><a href=\"https:\/\/ccednet-rcdec.ca\/fr\">RCD\u00c9C<\/a><\/span><\/p>\n<p><span><a href=\"https:\/\/www.passerelles.quebec\/\">Passerelles<\/a><\/span><\/p>\n<p><span><a href=\"https:\/\/collectifpdc.org\/\">Collectif des partenaires en d\u00e9veloppement des communaut\u00e9s<\/a><\/span><\/p>\n<p><a href=\"https:\/\/communagir.org\/\">Communagir<\/a><\/p>\n<p>[\/et_pb_text][\/et_pb_column][\/et_pb_row][\/et_pb_section]<\/p>\n","protected":false},"excerpt":{"rendered":"<p>The ProjectThis site is dedicated to the video series stemming from an invitation launched by the Lucie and Andr\u00e9 Chagnon Foundation, with whom Bill worked for many years. The Foundation asked him to share his thoughts on various subjects related to community development, a proposal that Bill accepted with pleasure. This initiative is part of [&hellip;]<\/p>\n","protected":false},"author":4,"featured_media":0,"parent":0,"menu_order":0,"comment_status":"closed","ping_status":"closed","template":"","meta":{"_et_pb_use_builder":"on","_et_pb_old_content":"<!-- wp:divi\/placeholder \/-->","_et_gb_content_width":"","footnotes":""},"class_list":["post-596","page","type-page","status-publish","hentry"],"_links":{"self":[{"href":"https:\/\/billninacs.ca\/en\/wp-json\/wp\/v2\/pages\/596","targetHints":{"allow":["GET"]}}],"collection":[{"href":"https:\/\/billninacs.ca\/en\/wp-json\/wp\/v2\/pages"}],"about":[{"href":"https:\/\/billninacs.ca\/en\/wp-json\/wp\/v2\/types\/page"}],"author":[{"embeddable":true,"href":"https:\/\/billninacs.ca\/en\/wp-json\/wp\/v2\/users\/4"}],"replies":[{"embeddable":true,"href":"https:\/\/billninacs.ca\/en\/wp-json\/wp\/v2\/comments?post=596"}],"version-history":[{"count":15,"href":"https:\/\/billninacs.ca\/en\/wp-json\/wp\/v2\/pages\/596\/revisions"}],"predecessor-version":[{"id":865,"href":"https:\/\/billninacs.ca\/en\/wp-json\/wp\/v2\/pages\/596\/revisions\/865"}],"wp:attachment":[{"href":"https:\/\/billninacs.ca\/en\/wp-json\/wp\/v2\/media?parent=596"}],"curies":[{"name":"wp","href":"https:\/\/api.w.org\/{rel}","templated":true}]}}